{"id":939,"date":"2024-08-23T17:57:48","date_gmt":"2024-08-23T17:57:48","guid":{"rendered":"https:\/\/ivomania.com\/?post_type=product&#038;p=939"},"modified":"2024-09-11T17:47:34","modified_gmt":"2024-09-11T17:47:34","slug":"authentic-gucci-fanny-pack-belt-size-75-30","status":"publish","type":"product","link":"https:\/\/ivomania.com\/es\/producto\/authentic-gucci-fanny-pack-belt-size-75-30\/","title":{"rendered":"AUT\u00c9NTICA RI\u00d1ONERA GUCCI CINTUR\u00d3N TALLA 75-30"},"content":{"rendered":"","protected":false},"excerpt":{"rendered":"<p>-PREPROPIETARIO<br \/>\n-EXCELENTE CONDICI\u00d3N<br \/>\n-MUY LIMPIO POR DENTRO<br \/>\n-SIN DA\u00d1O<br \/>\n-SIN DEFECTOS<br \/>\n-BOLSA PARA POLVO INCLUIDA<br \/>\nSIN CAJA<\/p>","protected":false},"featured_media":940,"template":"","meta":[],"product_brand":[],"product_cat":[24],"product_tag":[],"class_list":{"0":"post-939","1":"product","2":"type-product","3":"status-publish","4":"has-post-thumbnail","6":"product_cat-accessories","8":"first","9":"instock","10":"shipping-taxable","11":"purchasable","12":"product-type-simple"},"aioseo_notices":[],"_links":{"self":[{"href":"https:\/\/ivomania.com\/es\/wp-json\/wp\/v2\/product\/939","targetHints":{"allow":["GET"]}}],"collection":[{"href":"https:\/\/ivomania.com\/es\/wp-json\/wp\/v2\/product"}],"about":[{"href":"https:\/\/ivomania.com\/es\/wp-json\/wp\/v2\/types\/product"}],"wp:featuredmedia":[{"embeddable":true,"href":"https:\/\/ivomania.com\/es\/wp-json\/wp\/v2\/media\/940"}],"wp:attachment":[{"href":"https:\/\/ivomania.com\/es\/wp-json\/wp\/v2\/media?parent=939"}],"wp:term":[{"taxonomy":"product_brand","embeddable":true,"href":"https:\/\/ivomania.com\/es\/wp-json\/wp\/v2\/product_brand?post=939"},{"taxonomy":"product_cat","embeddable":true,"href":"https:\/\/ivomania.com\/es\/wp-json\/wp\/v2\/product_cat?post=939"},{"taxonomy":"product_tag","embeddable":true,"href":"https:\/\/ivomania.com\/es\/wp-json\/wp\/v2\/product_tag?post=939"}],"curies":[{"name":"wp","href":"https:\/\/api.w.org\/{rel}","templated":true}]}}