{"id":1024,"date":"2024-08-30T16:01:21","date_gmt":"2024-08-30T16:01:21","guid":{"rendered":"https:\/\/ivomania.com\/?post_type=product&#038;p=1024"},"modified":"2024-09-11T19:06:46","modified_gmt":"2024-09-11T19:06:46","slug":"authentic-versace-fanny-pack","status":"publish","type":"product","link":"https:\/\/ivomania.com\/es\/producto\/authentic-versace-fanny-pack\/","title":{"rendered":"RI\u00d1ONERA AUT\u00c9NTICA VERSACE"},"content":{"rendered":"","protected":false},"excerpt":{"rendered":"<p>-COMO NUEVA CONDICI\u00d3N<br \/>\n-SIN DEFECTO NI USO VISIBLE<br \/>\n-BOLSA PARA POLVO INCLUYE<br \/>\n-SIN CAJA<br \/>\n-Tama\u00f1o \u2013\u00a0peque\u00f1o\u00a0-Mediano-<\/p>","protected":false},"featured_media":1025,"template":"","meta":[],"product_brand":[],"product_cat":[23],"product_tag":[],"class_list":{"0":"post-1024","1":"product","2":"type-product","3":"status-publish","4":"has-post-thumbnail","6":"product_cat-bags","8":"first","9":"instock","10":"shipping-taxable","11":"purchasable","12":"product-type-simple"},"aioseo_notices":[],"_links":{"self":[{"href":"https:\/\/ivomania.com\/es\/wp-json\/wp\/v2\/product\/1024","targetHints":{"allow":["GET"]}}],"collection":[{"href":"https:\/\/ivomania.com\/es\/wp-json\/wp\/v2\/product"}],"about":[{"href":"https:\/\/ivomania.com\/es\/wp-json\/wp\/v2\/types\/product"}],"wp:featuredmedia":[{"embeddable":true,"href":"https:\/\/ivomania.com\/es\/wp-json\/wp\/v2\/media\/1025"}],"wp:attachment":[{"href":"https:\/\/ivomania.com\/es\/wp-json\/wp\/v2\/media?parent=1024"}],"wp:term":[{"taxonomy":"product_brand","embeddable":true,"href":"https:\/\/ivomania.com\/es\/wp-json\/wp\/v2\/product_brand?post=1024"},{"taxonomy":"product_cat","embeddable":true,"href":"https:\/\/ivomania.com\/es\/wp-json\/wp\/v2\/product_cat?post=1024"},{"taxonomy":"product_tag","embeddable":true,"href":"https:\/\/ivomania.com\/es\/wp-json\/wp\/v2\/product_tag?post=1024"}],"curies":[{"name":"wp","href":"https:\/\/api.w.org\/{rel}","templated":true}]}}