{"id":1022,"date":"2024-08-30T15:51:48","date_gmt":"2024-08-30T15:51:48","guid":{"rendered":"https:\/\/ivomania.com\/?post_type=product&#038;p=1022"},"modified":"2024-09-11T18:39:55","modified_gmt":"2024-09-11T18:39:55","slug":"authentic-louis-vuitton-alma-vernis-magnificent-edition-noir","status":"publish","type":"product","link":"https:\/\/ivomania.com\/es\/producto\/authentic-louis-vuitton-alma-vernis-magnificent-edition-noir\/","title":{"rendered":"AUT\u00c9NTICO LOUIS VUITTON ALMA VERNIS MAGN\u00cdFICA EDICI\u00d3N NOIR"},"content":{"rendered":"","protected":false},"excerpt":{"rendered":"<p>-PRE-PROPIETARIO<br \/>\n-EXCELENTE CONDICI\u00d3N<br \/>\n-MUY LIMPIO POR DENTRO<br \/>\n-SIN DEFECTO O DA\u00d1O<br \/>\n-BOLSA PARA POLVO INCLUIDA<br \/>\n-SIN CAJA<\/p>","protected":false},"featured_media":1023,"template":"","meta":[],"product_brand":[],"product_cat":[23],"product_tag":[],"class_list":{"0":"post-1022","1":"product","2":"type-product","3":"status-publish","4":"has-post-thumbnail","6":"product_cat-bags","8":"first","9":"instock","10":"shipping-taxable","11":"purchasable","12":"product-type-simple"},"aioseo_notices":[],"_links":{"self":[{"href":"https:\/\/ivomania.com\/es\/wp-json\/wp\/v2\/product\/1022","targetHints":{"allow":["GET"]}}],"collection":[{"href":"https:\/\/ivomania.com\/es\/wp-json\/wp\/v2\/product"}],"about":[{"href":"https:\/\/ivomania.com\/es\/wp-json\/wp\/v2\/types\/product"}],"wp:featuredmedia":[{"embeddable":true,"href":"https:\/\/ivomania.com\/es\/wp-json\/wp\/v2\/media\/1023"}],"wp:attachment":[{"href":"https:\/\/ivomania.com\/es\/wp-json\/wp\/v2\/media?parent=1022"}],"wp:term":[{"taxonomy":"product_brand","embeddable":true,"href":"https:\/\/ivomania.com\/es\/wp-json\/wp\/v2\/product_brand?post=1022"},{"taxonomy":"product_cat","embeddable":true,"href":"https:\/\/ivomania.com\/es\/wp-json\/wp\/v2\/product_cat?post=1022"},{"taxonomy":"product_tag","embeddable":true,"href":"https:\/\/ivomania.com\/es\/wp-json\/wp\/v2\/product_tag?post=1022"}],"curies":[{"name":"wp","href":"https:\/\/api.w.org\/{rel}","templated":true}]}}